{"id":2,"date":"2025-11-17T19:31:52","date_gmt":"2025-11-17T18:31:52","guid":{"rendered":"http:\/\/maxmeble24.eu\/?page_id=2"},"modified":"2026-01-14T20:17:31","modified_gmt":"2026-01-14T19:17:31","slug":"przykladowa-strona","status":"publish","type":"page","link":"https:\/\/maxmeble24.eu\/?page_id=2","title":{"rendered":"O FIRMIE"},"content":{"rendered":"\n<p>Jeste\u015bmy firm\u0105, kt\u00f3ra zajmuje si\u0119 produkcj\u0105 mebli na wymiar, a tak\u017ce ich monta\u017cem oraz profesjonalnym doradztwem. Nasze portfolio obejmuje szeroki asortyment, w tym meble kuchenne, \u0142azienkowe, garderobiane, szafy, rega\u0142y, a tak\u017ce meble biurowe i do sypialni.<\/p>\n\n\n\n<p>Zale\u017cy nam na tym, aby ka\u017cdy klient, kt\u00f3ry do nas trafi, by\u0142 w pe\u0142ni zadowolony z realizacji swojego zam\u00f3wienia. Dlatego te\u017c, od samego pocz\u0105tku staramy si\u0119 dzia\u0142a\u0107 w oparciu o indywidualne podej\u015bcie do potrzeb i oczekiwa\u0144 naszych klient\u00f3w. Doje\u017cd\u017camy do Ciebie, aby pozna\u0107 Twoje wymagania, zapozna\u0107 si\u0119 z wn\u0119trzem, w kt\u00f3rym meble maj\u0105 si\u0119 znale\u017a\u0107 i udzieli\u0107 fachowego doradztwa.<\/p>\n\n\n\n<p>Przy projektowaniu mebli na wymiar k\u0142adziemy du\u017cy nacisk na ich funkcjonalno\u015b\u0107, estetyk\u0119 oraz jako\u015b\u0107 wykonania. Stosujemy tylko najlepsze materia\u0142y i nowoczesne technologie, aby nasze meble by\u0142y wytrzyma\u0142e i odporne na uszkodzenia, a jednocze\u015bnie zachwyca\u0142y swoim designem.<\/p>\n\n\n\n<p>Dzi\u0119ki naszemu do\u015bwiadczeniu i wiedzy, jeste\u015bmy w stanie zrealizowa\u0107 ka\u017cdy projekt, nawet ten najbardziej skomplikowany i wymagaj\u0105cy. Pami\u0119taj, \u017ce meble na wymiar to inwestycja na lata, dlatego warto zaufa\u0107 fachowcom i postawi\u0107 na jako\u015b\u0107.<\/p>\n\n\n\n<p>Je\u015bli wi\u0119c szukasz producenta mebli na wymiar, kt\u00f3ry nie tylko wykonuje meble, ale r\u00f3wnie\u017c doradza i wychodzi naprzeciw Twoim oczekiwaniom, skontaktuj si\u0119 z nami! Z przyjemno\u015bci\u0105 pomo\u017cemy Ci stworzy\u0107 wymarzone wn\u0119trze, w kt\u00f3rym zawsze b\u0119dziesz czu\u0142 si\u0119 komfortowo i przyjemnie.<\/p>\n\n\n\n<blockquote class=\"wp-block-quote is-layout-flow wp-block-quote-is-layout-flow\"><\/blockquote>\n","protected":false},"excerpt":{"rendered":"<p>Jeste\u015bmy firm\u0105, kt\u00f3ra zajmuje si\u0119 produkcj\u0105 mebli na wymiar, a tak\u017ce ich monta\u017cem oraz profesjonalnym doradztwem. Nasze portfolio obejmuje szeroki asortyment, w tym meble kuchenne, \u0142azienkowe, garderobiane, szafy, rega\u0142y, a tak\u017ce meble biurowe i do sypialni. Zale\u017cy nam na tym, aby ka\u017cdy klient, kt\u00f3ry do nas trafi, by\u0142 w pe\u0142ni zadowolony z realizacji swojego zam\u00f3wienia. [&hellip;]<\/p>\n","protected":false},"author":1,"featured_media":118,"parent":0,"menu_order":0,"comment_status":"closed","ping_status":"open","template":"","meta":{"footnotes":""},"class_list":["post-2","page","type-page","status-publish","has-post-thumbnail","hentry"],"_links":{"self":[{"href":"https:\/\/maxmeble24.eu\/index.php?rest_route=\/wp\/v2\/pages\/2","targetHints":{"allow":["GET"]}}],"collection":[{"href":"https:\/\/maxmeble24.eu\/index.php?rest_route=\/wp\/v2\/pages"}],"about":[{"href":"https:\/\/maxmeble24.eu\/index.php?rest_route=\/wp\/v2\/types\/page"}],"author":[{"embeddable":true,"href":"https:\/\/maxmeble24.eu\/index.php?rest_route=\/wp\/v2\/users\/1"}],"replies":[{"embeddable":true,"href":"https:\/\/maxmeble24.eu\/index.php?rest_route=%2Fwp%2Fv2%2Fcomments&post=2"}],"version-history":[{"count":1,"href":"https:\/\/maxmeble24.eu\/index.php?rest_route=\/wp\/v2\/pages\/2\/revisions"}],"predecessor-version":[{"id":124,"href":"https:\/\/maxmeble24.eu\/index.php?rest_route=\/wp\/v2\/pages\/2\/revisions\/124"}],"wp:featuredmedia":[{"embeddable":true,"href":"https:\/\/maxmeble24.eu\/index.php?rest_route=\/wp\/v2\/media\/118"}],"wp:attachment":[{"href":"https:\/\/maxmeble24.eu\/index.php?rest_route=%2Fwp%2Fv2%2Fmedia&parent=2"}],"curies":[{"name":"wp","href":"https:\/\/api.w.org\/{rel}","templated":true}]}}